{"id":858,"date":"2025-03-16T06:17:38","date_gmt":"2025-03-16T06:17:38","guid":{"rendered":"https:\/\/22bet.cafe\/?page_id=858"},"modified":"2025-08-16T05:20:20","modified_gmt":"2025-08-16T05:20:20","slug":"sunday-bonus","status":"publish","type":"page","link":"https:\/\/22bet.cafe\/az\/bonus\/sunday-bonus\/","title":{"rendered":"Bazar g\u00fcn\u00fc bonusu"},"content":{"rendered":"","protected":false},"excerpt":{"rendered":"","protected":false},"author":1,"featured_media":0,"parent":152,"menu_order":0,"comment_status":"closed","ping_status":"closed","template":"","meta":{"_acf_changed":false,"inline_featured_image":false,"footnotes":""},"class_list":["post-858","page","type-page","status-publish","hentry"],"acf":[],"yoast_head":"<!-- This site is optimized with the Yoast SEO plugin v26.0 - https:\/\/yoast.com\/wordpress\/plugins\/seo\/ -->\n<title>Bazar g\u00fcnl\u0259ri 22Bet Mega Bonus \u1409 66% v\u0259 50 pulsuz f\u0131rlanma qazan\u0131n!<\/title>\n<meta name=\"description\" content=\"Qa\u00e7\u0131rmay\u0131n! H\u0259r bazar g\u00fcn\u00fc 22Bet siz\u0259 ilk depozitiniz\u0259 66% v\u0259 Golden Mine \u00fc\u00e7\u00fcn 50 pulsuz f\u0131rlanma verir! 35 AZN v\u0259 ya daha \u00e7ox m\u0259daxil edin v\u0259 m\u00fckafatlar\u0131n\u0131z\u0131 \u0259ld\u0259 edin!\" \/>\n<meta name=\"robots\" content=\"index, follow, max-snippet:-1, max-image-preview:large, max-video-preview:-1\" \/>\n<meta property=\"og:locale\" content=\"az_AZ\" \/>\n<meta property=\"og:type\" content=\"article\" \/>\n<meta property=\"og:title\" content=\"Bazar g\u00fcnl\u0259ri 22Bet Mega Bonus \u1409 66% v\u0259 50 pulsuz f\u0131rlanma qazan\u0131n!\" \/>\n<meta property=\"og:description\" content=\"Qa\u00e7\u0131rmay\u0131n! H\u0259r bazar g\u00fcn\u00fc 22Bet siz\u0259 ilk depozitiniz\u0259 66% v\u0259 Golden Mine \u00fc\u00e7\u00fcn 50 pulsuz f\u0131rlanma verir! 35 AZN v\u0259 ya daha \u00e7ox m\u0259daxil edin v\u0259 m\u00fckafatlar\u0131n\u0131z\u0131 \u0259ld\u0259 edin!\" \/>\n<meta property=\"og:url\" content=\"https:\/\/22bet.cafe\/az\/bonus\/sunday-bonus\/\" \/>\n<meta property=\"og:site_name\" content=\"22bet Team az\" \/>\n<meta property=\"article:modified_time\" content=\"2025-08-16T05:20:20+00:00\" \/>\n<meta name=\"twitter:card\" content=\"summary_large_image\" \/>\n<script type=\"application\/ld+json\" class=\"yoast-schema-graph\">{\"@context\":\"https:\/\/schema.org\",\"@graph\":[{\"@type\":\"WebPage\",\"@id\":\"https:\/\/22bet.cafe\/az\/bonus\/sunday-bonus\/\",\"url\":\"https:\/\/22bet.cafe\/az\/bonus\/sunday-bonus\/\",\"name\":\"Bazar g\u00fcnl\u0259ri 22Bet Mega Bonus \u1409 66% v\u0259 50 pulsuz f\u0131rlanma qazan\u0131n!\",\"isPartOf\":{\"@id\":\"https:\/\/22bet.cafe\/az\/#website\"},\"datePublished\":\"2025-03-16T06:17:38+00:00\",\"dateModified\":\"2025-08-16T05:20:20+00:00\",\"description\":\"Qa\u00e7\u0131rmay\u0131n! H\u0259r bazar g\u00fcn\u00fc 22Bet siz\u0259 ilk depozitiniz\u0259 66% v\u0259 Golden Mine \u00fc\u00e7\u00fcn 50 pulsuz f\u0131rlanma verir! 35 AZN v\u0259 ya daha \u00e7ox m\u0259daxil edin v\u0259 m\u00fckafatlar\u0131n\u0131z\u0131 \u0259ld\u0259 edin!\",\"breadcrumb\":{\"@id\":\"https:\/\/22bet.cafe\/az\/bonus\/sunday-bonus\/#breadcrumb\"},\"inLanguage\":\"az\",\"potentialAction\":[{\"@type\":\"ReadAction\",\"target\":[\"https:\/\/22bet.cafe\/az\/bonus\/sunday-bonus\/\"]}]},{\"@type\":\"BreadcrumbList\",\"@id\":\"https:\/\/22bet.cafe\/az\/bonus\/sunday-bonus\/#breadcrumb\",\"itemListElement\":[{\"@type\":\"ListItem\",\"position\":1,\"name\":\"\u0413\u043b\u0430\u0432\u043d\u0430\u044f \u0441\u0442\u0440\u0430\u043d\u0438\u0446\u0430\",\"item\":\"https:\/\/22bet.cafe\/az\/\"},{\"@type\":\"ListItem\",\"position\":2,\"name\":\"Bonus\",\"item\":\"https:\/\/22bet.cafe\/az\/bonus\/\"},{\"@type\":\"ListItem\",\"position\":3,\"name\":\"Bazar g\u00fcn\u00fc bonusu\"}]},{\"@type\":\"WebSite\",\"@id\":\"https:\/\/22bet.cafe\/az\/#website\",\"url\":\"https:\/\/22bet.cafe\/az\/\",\"name\":\"22bet Team az\",\"description\":\"My WordPress Blog\",\"potentialAction\":[{\"@type\":\"SearchAction\",\"target\":{\"@type\":\"EntryPoint\",\"urlTemplate\":\"https:\/\/22bet.cafe\/az\/?s={search_term_string}\"},\"query-input\":{\"@type\":\"PropertyValueSpecification\",\"valueRequired\":true,\"valueName\":\"search_term_string\"}}],\"inLanguage\":\"az\"}]}<\/script>\n<!-- \/ Yoast SEO plugin. -->","yoast_head_json":{"title":"Bazar g\u00fcnl\u0259ri 22Bet Mega Bonus \u1409 66% v\u0259 50 pulsuz f\u0131rlanma qazan\u0131n!","description":"Qa\u00e7\u0131rmay\u0131n! H\u0259r bazar g\u00fcn\u00fc 22Bet siz\u0259 ilk depozitiniz\u0259 66% v\u0259 Golden Mine \u00fc\u00e7\u00fcn 50 pulsuz f\u0131rlanma verir! 35 AZN v\u0259 ya daha \u00e7ox m\u0259daxil edin v\u0259 m\u00fckafatlar\u0131n\u0131z\u0131 \u0259ld\u0259 edin!","robots":{"index":"index","follow":"follow","max-snippet":"max-snippet:-1","max-image-preview":"max-image-preview:large","max-video-preview":"max-video-preview:-1"},"og_locale":"az_AZ","og_type":"article","og_title":"Bazar g\u00fcnl\u0259ri 22Bet Mega Bonus \u1409 66% v\u0259 50 pulsuz f\u0131rlanma qazan\u0131n!","og_description":"Qa\u00e7\u0131rmay\u0131n! H\u0259r bazar g\u00fcn\u00fc 22Bet siz\u0259 ilk depozitiniz\u0259 66% v\u0259 Golden Mine \u00fc\u00e7\u00fcn 50 pulsuz f\u0131rlanma verir! 35 AZN v\u0259 ya daha \u00e7ox m\u0259daxil edin v\u0259 m\u00fckafatlar\u0131n\u0131z\u0131 \u0259ld\u0259 edin!","og_url":"https:\/\/22bet.cafe\/az\/bonus\/sunday-bonus\/","og_site_name":"22bet Team az","article_modified_time":"2025-08-16T05:20:20+00:00","twitter_card":"summary_large_image","schema":{"@context":"https:\/\/schema.org","@graph":[{"@type":"WebPage","@id":"https:\/\/22bet.cafe\/az\/bonus\/sunday-bonus\/","url":"https:\/\/22bet.cafe\/az\/bonus\/sunday-bonus\/","name":"Bazar g\u00fcnl\u0259ri 22Bet Mega Bonus \u1409 66% v\u0259 50 pulsuz f\u0131rlanma qazan\u0131n!","isPartOf":{"@id":"https:\/\/22bet.cafe\/az\/#website"},"datePublished":"2025-03-16T06:17:38+00:00","dateModified":"2025-08-16T05:20:20+00:00","description":"Qa\u00e7\u0131rmay\u0131n! H\u0259r bazar g\u00fcn\u00fc 22Bet siz\u0259 ilk depozitiniz\u0259 66% v\u0259 Golden Mine \u00fc\u00e7\u00fcn 50 pulsuz f\u0131rlanma verir! 35 AZN v\u0259 ya daha \u00e7ox m\u0259daxil edin v\u0259 m\u00fckafatlar\u0131n\u0131z\u0131 \u0259ld\u0259 edin!","breadcrumb":{"@id":"https:\/\/22bet.cafe\/az\/bonus\/sunday-bonus\/#breadcrumb"},"inLanguage":"az","potentialAction":[{"@type":"ReadAction","target":["https:\/\/22bet.cafe\/az\/bonus\/sunday-bonus\/"]}]},{"@type":"BreadcrumbList","@id":"https:\/\/22bet.cafe\/az\/bonus\/sunday-bonus\/#breadcrumb","itemListElement":[{"@type":"ListItem","position":1,"name":"\u0413\u043b\u0430\u0432\u043d\u0430\u044f \u0441\u0442\u0440\u0430\u043d\u0438\u0446\u0430","item":"https:\/\/22bet.cafe\/az\/"},{"@type":"ListItem","position":2,"name":"Bonus","item":"https:\/\/22bet.cafe\/az\/bonus\/"},{"@type":"ListItem","position":3,"name":"Bazar g\u00fcn\u00fc bonusu"}]},{"@type":"WebSite","@id":"https:\/\/22bet.cafe\/az\/#website","url":"https:\/\/22bet.cafe\/az\/","name":"22bet Team az","description":"My WordPress Blog","potentialAction":[{"@type":"SearchAction","target":{"@type":"EntryPoint","urlTemplate":"https:\/\/22bet.cafe\/az\/?s={search_term_string}"},"query-input":{"@type":"PropertyValueSpecification","valueRequired":true,"valueName":"search_term_string"}}],"inLanguage":"az"}]}},"_links":{"self":[{"href":"https:\/\/22bet.cafe\/az\/wp-json\/wp\/v2\/pages\/858","targetHints":{"allow":["GET"]}}],"collection":[{"href":"https:\/\/22bet.cafe\/az\/wp-json\/wp\/v2\/pages"}],"about":[{"href":"https:\/\/22bet.cafe\/az\/wp-json\/wp\/v2\/types\/page"}],"author":[{"embeddable":true,"href":"https:\/\/22bet.cafe\/az\/wp-json\/wp\/v2\/users\/1"}],"replies":[{"embeddable":true,"href":"https:\/\/22bet.cafe\/az\/wp-json\/wp\/v2\/comments?post=858"}],"version-history":[{"count":0,"href":"https:\/\/22bet.cafe\/az\/wp-json\/wp\/v2\/pages\/858\/revisions"}],"up":[{"embeddable":true,"href":"https:\/\/22bet.cafe\/az\/wp-json\/wp\/v2\/pages\/152"}],"wp:attachment":[{"href":"https:\/\/22bet.cafe\/az\/wp-json\/wp\/v2\/media?parent=858"}],"curies":[{"name":"wp","href":"https:\/\/api.w.org\/{rel}","templated":true}]}}