{"id":757,"date":"2025-03-21T07:46:08","date_gmt":"2025-03-21T07:46:08","guid":{"rendered":"https:\/\/22bet.cafe\/?page_id=753"},"modified":"2025-08-16T05:31:47","modified_gmt":"2025-08-16T05:31:47","slug":"wednesday-cash-splash","status":"publish","type":"page","link":"https:\/\/22bet.cafe\/az\/bonus\/wednesday-cash-splash\/","title":{"rendered":"\u00c7\u0259r\u015f\u0259nb\u0259 Pul Splash"},"content":{"rendered":"","protected":false},"excerpt":{"rendered":"","protected":false},"author":1,"featured_media":0,"parent":152,"menu_order":0,"comment_status":"closed","ping_status":"closed","template":"","meta":{"_acf_changed":false,"inline_featured_image":false,"footnotes":""},"class_list":["post-757","page","type-page","status-publish","hentry"],"acf":[],"yoast_head":"<!-- This site is optimized with the Yoast SEO plugin v26.0 - https:\/\/yoast.com\/wordpress\/plugins\/seo\/ -->\n<title>Wednesday Cash Splash: Slotlarda 370 AZN-\u0259 q\u0259d\u0259r 50% Bonus<\/title>\n<meta name=\"description\" content=\"\u00c7\u0259r\u015f\u0259nb\u0259 Cash Splash il\u0259 h\u0259y\u0259can\u0131 alovland\u0131r\u0131n! Kazinoda sevimli slotlar\u0131n\u0131zda 370 AZN-\u0259 q\u0259d\u0259r 50% bonus qazan\u0131n. Udu\u015flar\u0131n\u0131z\u0131 art\u0131rmaq v\u0259 oyununuzu art\u0131rmaq \u015fans\u0131n\u0131 qa\u00e7\u0131rmay\u0131n - indi h\u0259r\u0259k\u0259t edin v\u0259 bonusunuzu t\u0259l\u0259b edin!\" \/>\n<meta name=\"robots\" content=\"index, follow, max-snippet:-1, max-image-preview:large, max-video-preview:-1\" \/>\n<meta property=\"og:locale\" content=\"az_AZ\" \/>\n<meta property=\"og:type\" content=\"article\" \/>\n<meta property=\"og:title\" content=\"Wednesday Cash Splash: Slotlarda 370 AZN-\u0259 q\u0259d\u0259r 50% Bonus\" \/>\n<meta property=\"og:description\" content=\"\u00c7\u0259r\u015f\u0259nb\u0259 Cash Splash il\u0259 h\u0259y\u0259can\u0131 alovland\u0131r\u0131n! Kazinoda sevimli slotlar\u0131n\u0131zda 370 AZN-\u0259 q\u0259d\u0259r 50% bonus qazan\u0131n. Udu\u015flar\u0131n\u0131z\u0131 art\u0131rmaq v\u0259 oyununuzu art\u0131rmaq \u015fans\u0131n\u0131 qa\u00e7\u0131rmay\u0131n - indi h\u0259r\u0259k\u0259t edin v\u0259 bonusunuzu t\u0259l\u0259b edin!\" \/>\n<meta property=\"og:url\" content=\"https:\/\/22bet.cafe\/az\/bonus\/wednesday-cash-splash\/\" \/>\n<meta property=\"og:site_name\" content=\"22bet Team az\" \/>\n<meta property=\"article:modified_time\" content=\"2025-08-16T05:31:47+00:00\" \/>\n<meta name=\"twitter:card\" content=\"summary_large_image\" \/>\n<script type=\"application\/ld+json\" class=\"yoast-schema-graph\">{\"@context\":\"https:\/\/schema.org\",\"@graph\":[{\"@type\":\"WebPage\",\"@id\":\"https:\/\/22bet.cafe\/az\/bonus\/wednesday-cash-splash\/\",\"url\":\"https:\/\/22bet.cafe\/az\/bonus\/wednesday-cash-splash\/\",\"name\":\"Wednesday Cash Splash: Slotlarda 370 AZN-\u0259 q\u0259d\u0259r 50% Bonus\",\"isPartOf\":{\"@id\":\"https:\/\/22bet.cafe\/az\/#website\"},\"datePublished\":\"2025-03-21T07:46:08+00:00\",\"dateModified\":\"2025-08-16T05:31:47+00:00\",\"description\":\"\u00c7\u0259r\u015f\u0259nb\u0259 Cash Splash il\u0259 h\u0259y\u0259can\u0131 alovland\u0131r\u0131n! Kazinoda sevimli slotlar\u0131n\u0131zda 370 AZN-\u0259 q\u0259d\u0259r 50% bonus qazan\u0131n. Udu\u015flar\u0131n\u0131z\u0131 art\u0131rmaq v\u0259 oyununuzu art\u0131rmaq \u015fans\u0131n\u0131 qa\u00e7\u0131rmay\u0131n - indi h\u0259r\u0259k\u0259t edin v\u0259 bonusunuzu t\u0259l\u0259b edin!\",\"breadcrumb\":{\"@id\":\"https:\/\/22bet.cafe\/az\/bonus\/wednesday-cash-splash\/#breadcrumb\"},\"inLanguage\":\"az\",\"potentialAction\":[{\"@type\":\"ReadAction\",\"target\":[\"https:\/\/22bet.cafe\/az\/bonus\/wednesday-cash-splash\/\"]}]},{\"@type\":\"BreadcrumbList\",\"@id\":\"https:\/\/22bet.cafe\/az\/bonus\/wednesday-cash-splash\/#breadcrumb\",\"itemListElement\":[{\"@type\":\"ListItem\",\"position\":1,\"name\":\"\u0413\u043b\u0430\u0432\u043d\u0430\u044f \u0441\u0442\u0440\u0430\u043d\u0438\u0446\u0430\",\"item\":\"https:\/\/22bet.cafe\/az\/\"},{\"@type\":\"ListItem\",\"position\":2,\"name\":\"Bonus\",\"item\":\"https:\/\/22bet.cafe\/az\/bonus\/\"},{\"@type\":\"ListItem\",\"position\":3,\"name\":\"\u00c7\u0259r\u015f\u0259nb\u0259 Pul Splash\"}]},{\"@type\":\"WebSite\",\"@id\":\"https:\/\/22bet.cafe\/az\/#website\",\"url\":\"https:\/\/22bet.cafe\/az\/\",\"name\":\"22bet Team az\",\"description\":\"My WordPress Blog\",\"potentialAction\":[{\"@type\":\"SearchAction\",\"target\":{\"@type\":\"EntryPoint\",\"urlTemplate\":\"https:\/\/22bet.cafe\/az\/?s={search_term_string}\"},\"query-input\":{\"@type\":\"PropertyValueSpecification\",\"valueRequired\":true,\"valueName\":\"search_term_string\"}}],\"inLanguage\":\"az\"}]}<\/script>\n<!-- \/ Yoast SEO plugin. -->","yoast_head_json":{"title":"Wednesday Cash Splash: Slotlarda 370 AZN-\u0259 q\u0259d\u0259r 50% Bonus","description":"\u00c7\u0259r\u015f\u0259nb\u0259 Cash Splash il\u0259 h\u0259y\u0259can\u0131 alovland\u0131r\u0131n! Kazinoda sevimli slotlar\u0131n\u0131zda 370 AZN-\u0259 q\u0259d\u0259r 50% bonus qazan\u0131n. Udu\u015flar\u0131n\u0131z\u0131 art\u0131rmaq v\u0259 oyununuzu art\u0131rmaq \u015fans\u0131n\u0131 qa\u00e7\u0131rmay\u0131n - indi h\u0259r\u0259k\u0259t edin v\u0259 bonusunuzu t\u0259l\u0259b edin!","robots":{"index":"index","follow":"follow","max-snippet":"max-snippet:-1","max-image-preview":"max-image-preview:large","max-video-preview":"max-video-preview:-1"},"og_locale":"az_AZ","og_type":"article","og_title":"Wednesday Cash Splash: Slotlarda 370 AZN-\u0259 q\u0259d\u0259r 50% Bonus","og_description":"\u00c7\u0259r\u015f\u0259nb\u0259 Cash Splash il\u0259 h\u0259y\u0259can\u0131 alovland\u0131r\u0131n! Kazinoda sevimli slotlar\u0131n\u0131zda 370 AZN-\u0259 q\u0259d\u0259r 50% bonus qazan\u0131n. Udu\u015flar\u0131n\u0131z\u0131 art\u0131rmaq v\u0259 oyununuzu art\u0131rmaq \u015fans\u0131n\u0131 qa\u00e7\u0131rmay\u0131n - indi h\u0259r\u0259k\u0259t edin v\u0259 bonusunuzu t\u0259l\u0259b edin!","og_url":"https:\/\/22bet.cafe\/az\/bonus\/wednesday-cash-splash\/","og_site_name":"22bet Team az","article_modified_time":"2025-08-16T05:31:47+00:00","twitter_card":"summary_large_image","schema":{"@context":"https:\/\/schema.org","@graph":[{"@type":"WebPage","@id":"https:\/\/22bet.cafe\/az\/bonus\/wednesday-cash-splash\/","url":"https:\/\/22bet.cafe\/az\/bonus\/wednesday-cash-splash\/","name":"Wednesday Cash Splash: Slotlarda 370 AZN-\u0259 q\u0259d\u0259r 50% Bonus","isPartOf":{"@id":"https:\/\/22bet.cafe\/az\/#website"},"datePublished":"2025-03-21T07:46:08+00:00","dateModified":"2025-08-16T05:31:47+00:00","description":"\u00c7\u0259r\u015f\u0259nb\u0259 Cash Splash il\u0259 h\u0259y\u0259can\u0131 alovland\u0131r\u0131n! Kazinoda sevimli slotlar\u0131n\u0131zda 370 AZN-\u0259 q\u0259d\u0259r 50% bonus qazan\u0131n. Udu\u015flar\u0131n\u0131z\u0131 art\u0131rmaq v\u0259 oyununuzu art\u0131rmaq \u015fans\u0131n\u0131 qa\u00e7\u0131rmay\u0131n - indi h\u0259r\u0259k\u0259t edin v\u0259 bonusunuzu t\u0259l\u0259b edin!","breadcrumb":{"@id":"https:\/\/22bet.cafe\/az\/bonus\/wednesday-cash-splash\/#breadcrumb"},"inLanguage":"az","potentialAction":[{"@type":"ReadAction","target":["https:\/\/22bet.cafe\/az\/bonus\/wednesday-cash-splash\/"]}]},{"@type":"BreadcrumbList","@id":"https:\/\/22bet.cafe\/az\/bonus\/wednesday-cash-splash\/#breadcrumb","itemListElement":[{"@type":"ListItem","position":1,"name":"\u0413\u043b\u0430\u0432\u043d\u0430\u044f \u0441\u0442\u0440\u0430\u043d\u0438\u0446\u0430","item":"https:\/\/22bet.cafe\/az\/"},{"@type":"ListItem","position":2,"name":"Bonus","item":"https:\/\/22bet.cafe\/az\/bonus\/"},{"@type":"ListItem","position":3,"name":"\u00c7\u0259r\u015f\u0259nb\u0259 Pul Splash"}]},{"@type":"WebSite","@id":"https:\/\/22bet.cafe\/az\/#website","url":"https:\/\/22bet.cafe\/az\/","name":"22bet Team az","description":"My WordPress Blog","potentialAction":[{"@type":"SearchAction","target":{"@type":"EntryPoint","urlTemplate":"https:\/\/22bet.cafe\/az\/?s={search_term_string}"},"query-input":{"@type":"PropertyValueSpecification","valueRequired":true,"valueName":"search_term_string"}}],"inLanguage":"az"}]}},"_links":{"self":[{"href":"https:\/\/22bet.cafe\/az\/wp-json\/wp\/v2\/pages\/757","targetHints":{"allow":["GET"]}}],"collection":[{"href":"https:\/\/22bet.cafe\/az\/wp-json\/wp\/v2\/pages"}],"about":[{"href":"https:\/\/22bet.cafe\/az\/wp-json\/wp\/v2\/types\/page"}],"author":[{"embeddable":true,"href":"https:\/\/22bet.cafe\/az\/wp-json\/wp\/v2\/users\/1"}],"replies":[{"embeddable":true,"href":"https:\/\/22bet.cafe\/az\/wp-json\/wp\/v2\/comments?post=757"}],"version-history":[{"count":0,"href":"https:\/\/22bet.cafe\/az\/wp-json\/wp\/v2\/pages\/757\/revisions"}],"up":[{"embeddable":true,"href":"https:\/\/22bet.cafe\/az\/wp-json\/wp\/v2\/pages\/152"}],"wp:attachment":[{"href":"https:\/\/22bet.cafe\/az\/wp-json\/wp\/v2\/media?parent=757"}],"curies":[{"name":"wp","href":"https:\/\/api.w.org\/{rel}","templated":true}]}}