{"id":733,"date":"2025-03-21T06:00:43","date_gmt":"2025-03-21T06:00:43","guid":{"rendered":"https:\/\/22bet.cafe\/?page_id=733"},"modified":"2025-08-16T05:41:40","modified_gmt":"2025-08-16T05:41:40","slug":"welcome-bonus","status":"publish","type":"page","link":"https:\/\/22bet.cafe\/az\/bonus\/welcome-bonus\/","title":{"rendered":"Xo\u015f g\u0259lmisiniz bonusu"},"content":{"rendered":"","protected":false},"excerpt":{"rendered":"","protected":false},"author":1,"featured_media":0,"parent":152,"menu_order":0,"comment_status":"closed","ping_status":"closed","template":"","meta":{"_acf_changed":false,"inline_featured_image":false,"footnotes":""},"class_list":["post-733","page","type-page","status-publish","hentry"],"acf":[],"yoast_head":"<!-- This site is optimized with the Yoast SEO plugin v26.0 - https:\/\/yoast.com\/wordpress\/plugins\/seo\/ -->\n<title>22bet Casino-da ilk depozit\u0259 500 AZN-\u0259 q\u0259d\u0259r Xo\u015f G\u0259lm\u0259 Bonusu<\/title>\n<meta name=\"description\" content=\"22bet Casino-da ilk depozitiniz\u0259 500 AZN-\u0259 q\u0259d\u0259r s\u0259xav\u0259tli Xo\u015f g\u0259lmisiniz Bonusu \u0259ld\u0259 edin! Oyuna qo\u015fulun v\u0259 maraql\u0131 qumar imkanlar\u0131 d\u00fcnyas\u0131n\u0131 a\u00e7\u0131n! Pulunuzu art\u0131rmaq \u015fans\u0131n\u0131 qa\u00e7\u0131rmay\u0131n - indi h\u0259r\u0259k\u0259t\u0259 ke\u00e7in!\" \/>\n<meta name=\"robots\" content=\"index, follow, max-snippet:-1, max-image-preview:large, max-video-preview:-1\" \/>\n<meta property=\"og:locale\" content=\"az_AZ\" \/>\n<meta property=\"og:type\" content=\"article\" \/>\n<meta property=\"og:title\" content=\"22bet Casino-da ilk depozit\u0259 500 AZN-\u0259 q\u0259d\u0259r Xo\u015f G\u0259lm\u0259 Bonusu\" \/>\n<meta property=\"og:description\" content=\"22bet Casino-da ilk depozitiniz\u0259 500 AZN-\u0259 q\u0259d\u0259r s\u0259xav\u0259tli Xo\u015f g\u0259lmisiniz Bonusu \u0259ld\u0259 edin! Oyuna qo\u015fulun v\u0259 maraql\u0131 qumar imkanlar\u0131 d\u00fcnyas\u0131n\u0131 a\u00e7\u0131n! Pulunuzu art\u0131rmaq \u015fans\u0131n\u0131 qa\u00e7\u0131rmay\u0131n - indi h\u0259r\u0259k\u0259t\u0259 ke\u00e7in!\" \/>\n<meta property=\"og:url\" content=\"https:\/\/22bet.cafe\/az\/bonus\/welcome-bonus\/\" \/>\n<meta property=\"og:site_name\" content=\"22bet Team az\" \/>\n<meta property=\"article:modified_time\" content=\"2025-08-16T05:41:40+00:00\" \/>\n<meta name=\"twitter:card\" content=\"summary_large_image\" \/>\n<script type=\"application\/ld+json\" class=\"yoast-schema-graph\">{\"@context\":\"https:\/\/schema.org\",\"@graph\":[{\"@type\":\"WebPage\",\"@id\":\"https:\/\/22bet.cafe\/az\/bonus\/welcome-bonus\/\",\"url\":\"https:\/\/22bet.cafe\/az\/bonus\/welcome-bonus\/\",\"name\":\"22bet Casino-da ilk depozit\u0259 500 AZN-\u0259 q\u0259d\u0259r Xo\u015f G\u0259lm\u0259 Bonusu\",\"isPartOf\":{\"@id\":\"https:\/\/22bet.cafe\/az\/#website\"},\"datePublished\":\"2025-03-21T06:00:43+00:00\",\"dateModified\":\"2025-08-16T05:41:40+00:00\",\"description\":\"22bet Casino-da ilk depozitiniz\u0259 500 AZN-\u0259 q\u0259d\u0259r s\u0259xav\u0259tli Xo\u015f g\u0259lmisiniz Bonusu \u0259ld\u0259 edin! Oyuna qo\u015fulun v\u0259 maraql\u0131 qumar imkanlar\u0131 d\u00fcnyas\u0131n\u0131 a\u00e7\u0131n! Pulunuzu art\u0131rmaq \u015fans\u0131n\u0131 qa\u00e7\u0131rmay\u0131n - indi h\u0259r\u0259k\u0259t\u0259 ke\u00e7in!\",\"breadcrumb\":{\"@id\":\"https:\/\/22bet.cafe\/az\/bonus\/welcome-bonus\/#breadcrumb\"},\"inLanguage\":\"az\",\"potentialAction\":[{\"@type\":\"ReadAction\",\"target\":[\"https:\/\/22bet.cafe\/az\/bonus\/welcome-bonus\/\"]}]},{\"@type\":\"BreadcrumbList\",\"@id\":\"https:\/\/22bet.cafe\/az\/bonus\/welcome-bonus\/#breadcrumb\",\"itemListElement\":[{\"@type\":\"ListItem\",\"position\":1,\"name\":\"\u0413\u043b\u0430\u0432\u043d\u0430\u044f \u0441\u0442\u0440\u0430\u043d\u0438\u0446\u0430\",\"item\":\"https:\/\/22bet.cafe\/az\/\"},{\"@type\":\"ListItem\",\"position\":2,\"name\":\"Bonus\",\"item\":\"https:\/\/22bet.cafe\/az\/bonus\/\"},{\"@type\":\"ListItem\",\"position\":3,\"name\":\"Xo\u015f g\u0259lmisiniz bonusu\"}]},{\"@type\":\"WebSite\",\"@id\":\"https:\/\/22bet.cafe\/az\/#website\",\"url\":\"https:\/\/22bet.cafe\/az\/\",\"name\":\"22bet Team az\",\"description\":\"My WordPress Blog\",\"potentialAction\":[{\"@type\":\"SearchAction\",\"target\":{\"@type\":\"EntryPoint\",\"urlTemplate\":\"https:\/\/22bet.cafe\/az\/?s={search_term_string}\"},\"query-input\":{\"@type\":\"PropertyValueSpecification\",\"valueRequired\":true,\"valueName\":\"search_term_string\"}}],\"inLanguage\":\"az\"}]}<\/script>\n<!-- \/ Yoast SEO plugin. -->","yoast_head_json":{"title":"22bet Casino-da ilk depozit\u0259 500 AZN-\u0259 q\u0259d\u0259r Xo\u015f G\u0259lm\u0259 Bonusu","description":"22bet Casino-da ilk depozitiniz\u0259 500 AZN-\u0259 q\u0259d\u0259r s\u0259xav\u0259tli Xo\u015f g\u0259lmisiniz Bonusu \u0259ld\u0259 edin! Oyuna qo\u015fulun v\u0259 maraql\u0131 qumar imkanlar\u0131 d\u00fcnyas\u0131n\u0131 a\u00e7\u0131n! Pulunuzu art\u0131rmaq \u015fans\u0131n\u0131 qa\u00e7\u0131rmay\u0131n - indi h\u0259r\u0259k\u0259t\u0259 ke\u00e7in!","robots":{"index":"index","follow":"follow","max-snippet":"max-snippet:-1","max-image-preview":"max-image-preview:large","max-video-preview":"max-video-preview:-1"},"og_locale":"az_AZ","og_type":"article","og_title":"22bet Casino-da ilk depozit\u0259 500 AZN-\u0259 q\u0259d\u0259r Xo\u015f G\u0259lm\u0259 Bonusu","og_description":"22bet Casino-da ilk depozitiniz\u0259 500 AZN-\u0259 q\u0259d\u0259r s\u0259xav\u0259tli Xo\u015f g\u0259lmisiniz Bonusu \u0259ld\u0259 edin! Oyuna qo\u015fulun v\u0259 maraql\u0131 qumar imkanlar\u0131 d\u00fcnyas\u0131n\u0131 a\u00e7\u0131n! Pulunuzu art\u0131rmaq \u015fans\u0131n\u0131 qa\u00e7\u0131rmay\u0131n - indi h\u0259r\u0259k\u0259t\u0259 ke\u00e7in!","og_url":"https:\/\/22bet.cafe\/az\/bonus\/welcome-bonus\/","og_site_name":"22bet Team az","article_modified_time":"2025-08-16T05:41:40+00:00","twitter_card":"summary_large_image","schema":{"@context":"https:\/\/schema.org","@graph":[{"@type":"WebPage","@id":"https:\/\/22bet.cafe\/az\/bonus\/welcome-bonus\/","url":"https:\/\/22bet.cafe\/az\/bonus\/welcome-bonus\/","name":"22bet Casino-da ilk depozit\u0259 500 AZN-\u0259 q\u0259d\u0259r Xo\u015f G\u0259lm\u0259 Bonusu","isPartOf":{"@id":"https:\/\/22bet.cafe\/az\/#website"},"datePublished":"2025-03-21T06:00:43+00:00","dateModified":"2025-08-16T05:41:40+00:00","description":"22bet Casino-da ilk depozitiniz\u0259 500 AZN-\u0259 q\u0259d\u0259r s\u0259xav\u0259tli Xo\u015f g\u0259lmisiniz Bonusu \u0259ld\u0259 edin! Oyuna qo\u015fulun v\u0259 maraql\u0131 qumar imkanlar\u0131 d\u00fcnyas\u0131n\u0131 a\u00e7\u0131n! Pulunuzu art\u0131rmaq \u015fans\u0131n\u0131 qa\u00e7\u0131rmay\u0131n - indi h\u0259r\u0259k\u0259t\u0259 ke\u00e7in!","breadcrumb":{"@id":"https:\/\/22bet.cafe\/az\/bonus\/welcome-bonus\/#breadcrumb"},"inLanguage":"az","potentialAction":[{"@type":"ReadAction","target":["https:\/\/22bet.cafe\/az\/bonus\/welcome-bonus\/"]}]},{"@type":"BreadcrumbList","@id":"https:\/\/22bet.cafe\/az\/bonus\/welcome-bonus\/#breadcrumb","itemListElement":[{"@type":"ListItem","position":1,"name":"\u0413\u043b\u0430\u0432\u043d\u0430\u044f \u0441\u0442\u0440\u0430\u043d\u0438\u0446\u0430","item":"https:\/\/22bet.cafe\/az\/"},{"@type":"ListItem","position":2,"name":"Bonus","item":"https:\/\/22bet.cafe\/az\/bonus\/"},{"@type":"ListItem","position":3,"name":"Xo\u015f g\u0259lmisiniz bonusu"}]},{"@type":"WebSite","@id":"https:\/\/22bet.cafe\/az\/#website","url":"https:\/\/22bet.cafe\/az\/","name":"22bet Team az","description":"My WordPress Blog","potentialAction":[{"@type":"SearchAction","target":{"@type":"EntryPoint","urlTemplate":"https:\/\/22bet.cafe\/az\/?s={search_term_string}"},"query-input":{"@type":"PropertyValueSpecification","valueRequired":true,"valueName":"search_term_string"}}],"inLanguage":"az"}]}},"_links":{"self":[{"href":"https:\/\/22bet.cafe\/az\/wp-json\/wp\/v2\/pages\/733","targetHints":{"allow":["GET"]}}],"collection":[{"href":"https:\/\/22bet.cafe\/az\/wp-json\/wp\/v2\/pages"}],"about":[{"href":"https:\/\/22bet.cafe\/az\/wp-json\/wp\/v2\/types\/page"}],"author":[{"embeddable":true,"href":"https:\/\/22bet.cafe\/az\/wp-json\/wp\/v2\/users\/1"}],"replies":[{"embeddable":true,"href":"https:\/\/22bet.cafe\/az\/wp-json\/wp\/v2\/comments?post=733"}],"version-history":[{"count":0,"href":"https:\/\/22bet.cafe\/az\/wp-json\/wp\/v2\/pages\/733\/revisions"}],"up":[{"embeddable":true,"href":"https:\/\/22bet.cafe\/az\/wp-json\/wp\/v2\/pages\/152"}],"wp:attachment":[{"href":"https:\/\/22bet.cafe\/az\/wp-json\/wp\/v2\/media?parent=733"}],"curies":[{"name":"wp","href":"https:\/\/api.w.org\/{rel}","templated":true}]}}