{"id":568,"date":"2024-09-17T13:43:21","date_gmt":"2024-09-17T13:43:21","guid":{"rendered":"https:\/\/22bet.cafe\/az\/?page_id=568"},"modified":"2025-08-19T11:29:35","modified_gmt":"2025-08-19T11:29:35","slug":"promo-code","status":"publish","type":"page","link":"https:\/\/22bet.cafe\/az\/promo-code\/","title":{"rendered":"Promo Kodu"},"content":{"rendered":"","protected":false},"excerpt":{"rendered":"","protected":false},"author":1,"featured_media":0,"parent":0,"menu_order":0,"comment_status":"closed","ping_status":"closed","template":"","meta":{"_acf_changed":false,"inline_featured_image":false,"footnotes":""},"class_list":["post-568","page","type-page","status-publish","hentry"],"acf":[],"yoast_head":"<!-- This site is optimized with the Yoast SEO plugin v26.0 - https:\/\/yoast.com\/wordpress\/plugins\/seo\/ -->\n<title>22Bet Promo Kodu Az\u0259rbaycan\ud83c\udf81 Ekskl\u00fcziv Bonus Kodlar\u0131<\/title>\n<meta name=\"description\" content=\"Cari 22Bet Promo Kodunu nec\u0259 \u0259ld\u0259 etm\u0259k olar \u2714 100% xo\u015f g\u0259lmisiniz bonusu \u0259ld\u0259 etm\u0259k \u00fc\u00e7\u00fcn 22Bet Bonus Kodundan istifad\u0259 edin \u27a4 \u0130dman m\u0259rcl\u0259ri v\u0259 kazino \u00fc\u00e7\u00fcn bonus kodlar\u0131\" \/>\n<meta name=\"robots\" content=\"index, follow, max-snippet:-1, max-image-preview:large, max-video-preview:-1\" \/>\n<meta property=\"og:locale\" content=\"az_AZ\" \/>\n<meta property=\"og:type\" content=\"article\" \/>\n<meta property=\"og:title\" content=\"22Bet Promo Kodu Az\u0259rbaycan\ud83c\udf81 Ekskl\u00fcziv Bonus Kodlar\u0131\" \/>\n<meta property=\"og:description\" content=\"Cari 22Bet Promo Kodunu nec\u0259 \u0259ld\u0259 etm\u0259k olar \u2714 100% xo\u015f g\u0259lmisiniz bonusu \u0259ld\u0259 etm\u0259k \u00fc\u00e7\u00fcn 22Bet Bonus Kodundan istifad\u0259 edin \u27a4 \u0130dman m\u0259rcl\u0259ri v\u0259 kazino \u00fc\u00e7\u00fcn bonus kodlar\u0131\" \/>\n<meta property=\"og:url\" content=\"https:\/\/22bet.cafe\/az\/promo-code\/\" \/>\n<meta property=\"og:site_name\" content=\"22bet Team az\" \/>\n<meta property=\"article:modified_time\" content=\"2025-08-19T11:29:35+00:00\" \/>\n<meta name=\"twitter:card\" content=\"summary_large_image\" \/>\n<script type=\"application\/ld+json\" class=\"yoast-schema-graph\">{\"@context\":\"https:\/\/schema.org\",\"@graph\":[{\"@type\":\"WebPage\",\"@id\":\"https:\/\/22bet.cafe\/az\/promo-code\/\",\"url\":\"https:\/\/22bet.cafe\/az\/promo-code\/\",\"name\":\"22Bet Promo Kodu Az\u0259rbaycan\ud83c\udf81 Ekskl\u00fcziv Bonus Kodlar\u0131\",\"isPartOf\":{\"@id\":\"https:\/\/22bet.cafe\/az\/#website\"},\"datePublished\":\"2024-09-17T13:43:21+00:00\",\"dateModified\":\"2025-08-19T11:29:35+00:00\",\"description\":\"Cari 22Bet Promo Kodunu nec\u0259 \u0259ld\u0259 etm\u0259k olar \u2714 100% xo\u015f g\u0259lmisiniz bonusu \u0259ld\u0259 etm\u0259k \u00fc\u00e7\u00fcn 22Bet Bonus Kodundan istifad\u0259 edin \u27a4 \u0130dman m\u0259rcl\u0259ri v\u0259 kazino \u00fc\u00e7\u00fcn bonus kodlar\u0131\",\"breadcrumb\":{\"@id\":\"https:\/\/22bet.cafe\/az\/promo-code\/#breadcrumb\"},\"inLanguage\":\"az\",\"potentialAction\":[{\"@type\":\"ReadAction\",\"target\":[\"https:\/\/22bet.cafe\/az\/promo-code\/\"]}]},{\"@type\":\"BreadcrumbList\",\"@id\":\"https:\/\/22bet.cafe\/az\/promo-code\/#breadcrumb\",\"itemListElement\":[{\"@type\":\"ListItem\",\"position\":1,\"name\":\"\u0413\u043b\u0430\u0432\u043d\u0430\u044f \u0441\u0442\u0440\u0430\u043d\u0438\u0446\u0430\",\"item\":\"https:\/\/22bet.cafe\/az\/\"},{\"@type\":\"ListItem\",\"position\":2,\"name\":\"Promo Kodu\"}]},{\"@type\":\"WebSite\",\"@id\":\"https:\/\/22bet.cafe\/az\/#website\",\"url\":\"https:\/\/22bet.cafe\/az\/\",\"name\":\"22bet Team az\",\"description\":\"My WordPress Blog\",\"potentialAction\":[{\"@type\":\"SearchAction\",\"target\":{\"@type\":\"EntryPoint\",\"urlTemplate\":\"https:\/\/22bet.cafe\/az\/?s={search_term_string}\"},\"query-input\":{\"@type\":\"PropertyValueSpecification\",\"valueRequired\":true,\"valueName\":\"search_term_string\"}}],\"inLanguage\":\"az\"}]}<\/script>\n<!-- \/ Yoast SEO plugin. -->","yoast_head_json":{"title":"22Bet Promo Kodu Az\u0259rbaycan\ud83c\udf81 Ekskl\u00fcziv Bonus Kodlar\u0131","description":"Cari 22Bet Promo Kodunu nec\u0259 \u0259ld\u0259 etm\u0259k olar \u2714 100% xo\u015f g\u0259lmisiniz bonusu \u0259ld\u0259 etm\u0259k \u00fc\u00e7\u00fcn 22Bet Bonus Kodundan istifad\u0259 edin \u27a4 \u0130dman m\u0259rcl\u0259ri v\u0259 kazino \u00fc\u00e7\u00fcn bonus kodlar\u0131","robots":{"index":"index","follow":"follow","max-snippet":"max-snippet:-1","max-image-preview":"max-image-preview:large","max-video-preview":"max-video-preview:-1"},"og_locale":"az_AZ","og_type":"article","og_title":"22Bet Promo Kodu Az\u0259rbaycan\ud83c\udf81 Ekskl\u00fcziv Bonus Kodlar\u0131","og_description":"Cari 22Bet Promo Kodunu nec\u0259 \u0259ld\u0259 etm\u0259k olar \u2714 100% xo\u015f g\u0259lmisiniz bonusu \u0259ld\u0259 etm\u0259k \u00fc\u00e7\u00fcn 22Bet Bonus Kodundan istifad\u0259 edin \u27a4 \u0130dman m\u0259rcl\u0259ri v\u0259 kazino \u00fc\u00e7\u00fcn bonus kodlar\u0131","og_url":"https:\/\/22bet.cafe\/az\/promo-code\/","og_site_name":"22bet Team az","article_modified_time":"2025-08-19T11:29:35+00:00","twitter_card":"summary_large_image","schema":{"@context":"https:\/\/schema.org","@graph":[{"@type":"WebPage","@id":"https:\/\/22bet.cafe\/az\/promo-code\/","url":"https:\/\/22bet.cafe\/az\/promo-code\/","name":"22Bet Promo Kodu Az\u0259rbaycan\ud83c\udf81 Ekskl\u00fcziv Bonus Kodlar\u0131","isPartOf":{"@id":"https:\/\/22bet.cafe\/az\/#website"},"datePublished":"2024-09-17T13:43:21+00:00","dateModified":"2025-08-19T11:29:35+00:00","description":"Cari 22Bet Promo Kodunu nec\u0259 \u0259ld\u0259 etm\u0259k olar \u2714 100% xo\u015f g\u0259lmisiniz bonusu \u0259ld\u0259 etm\u0259k \u00fc\u00e7\u00fcn 22Bet Bonus Kodundan istifad\u0259 edin \u27a4 \u0130dman m\u0259rcl\u0259ri v\u0259 kazino \u00fc\u00e7\u00fcn bonus kodlar\u0131","breadcrumb":{"@id":"https:\/\/22bet.cafe\/az\/promo-code\/#breadcrumb"},"inLanguage":"az","potentialAction":[{"@type":"ReadAction","target":["https:\/\/22bet.cafe\/az\/promo-code\/"]}]},{"@type":"BreadcrumbList","@id":"https:\/\/22bet.cafe\/az\/promo-code\/#breadcrumb","itemListElement":[{"@type":"ListItem","position":1,"name":"\u0413\u043b\u0430\u0432\u043d\u0430\u044f \u0441\u0442\u0440\u0430\u043d\u0438\u0446\u0430","item":"https:\/\/22bet.cafe\/az\/"},{"@type":"ListItem","position":2,"name":"Promo Kodu"}]},{"@type":"WebSite","@id":"https:\/\/22bet.cafe\/az\/#website","url":"https:\/\/22bet.cafe\/az\/","name":"22bet Team az","description":"My WordPress Blog","potentialAction":[{"@type":"SearchAction","target":{"@type":"EntryPoint","urlTemplate":"https:\/\/22bet.cafe\/az\/?s={search_term_string}"},"query-input":{"@type":"PropertyValueSpecification","valueRequired":true,"valueName":"search_term_string"}}],"inLanguage":"az"}]}},"_links":{"self":[{"href":"https:\/\/22bet.cafe\/az\/wp-json\/wp\/v2\/pages\/568","targetHints":{"allow":["GET"]}}],"collection":[{"href":"https:\/\/22bet.cafe\/az\/wp-json\/wp\/v2\/pages"}],"about":[{"href":"https:\/\/22bet.cafe\/az\/wp-json\/wp\/v2\/types\/page"}],"author":[{"embeddable":true,"href":"https:\/\/22bet.cafe\/az\/wp-json\/wp\/v2\/users\/1"}],"replies":[{"embeddable":true,"href":"https:\/\/22bet.cafe\/az\/wp-json\/wp\/v2\/comments?post=568"}],"version-history":[{"count":0,"href":"https:\/\/22bet.cafe\/az\/wp-json\/wp\/v2\/pages\/568\/revisions"}],"wp:attachment":[{"href":"https:\/\/22bet.cafe\/az\/wp-json\/wp\/v2\/media?parent=568"}],"curies":[{"name":"wp","href":"https:\/\/api.w.org\/{rel}","templated":true}]}}