{"id":529,"date":"2024-09-17T06:20:18","date_gmt":"2024-09-17T06:20:18","guid":{"rendered":"https:\/\/22bet.cafe\/az\/?page_id=529"},"modified":"2025-01-20T12:35:39","modified_gmt":"2025-01-20T12:35:39","slug":"apk","status":"publish","type":"page","link":"https:\/\/22bet.cafe\/az\/apk\/","title":{"rendered":"Apk"},"content":{"rendered":"","protected":false},"excerpt":{"rendered":"","protected":false},"author":1,"featured_media":0,"parent":0,"menu_order":0,"comment_status":"closed","ping_status":"closed","template":"","meta":{"_acf_changed":false,"inline_featured_image":false,"footnotes":""},"class_list":["post-529","page","type-page","status-publish","hentry"],"acf":[],"yoast_head":"<!-- This site is optimized with the Yoast SEO plugin v26.0 - https:\/\/yoast.com\/wordpress\/plugins\/seo\/ -->\n<title>22Bet Apk Az\u0259rbaycan \u2b50 Y\u00fckl\u0259m\u0259 v\u0259 Qura\u015fd\u0131rma<\/title>\n<meta name=\"description\" content=\"R\u0259smi 22Bet Apk y\u00fckl\u0259yin \u00b7 22Bet Mobile APK \u00b7 \u0130dman m\u0259rcl\u0259ri v\u0259 kazino oyunlar\u0131 telefonunuzda \u00b7 Mobil oyun\u00e7ular \u00fc\u00e7\u00fcn heyr\u0259tamiz promosyonlar\u0131n kilidini a\u00e7\u0131n\" \/>\n<meta name=\"robots\" content=\"index, follow, max-snippet:-1, max-image-preview:large, max-video-preview:-1\" \/>\n<meta property=\"og:locale\" content=\"az_AZ\" \/>\n<meta property=\"og:type\" content=\"article\" \/>\n<meta property=\"og:title\" content=\"22Bet Apk Az\u0259rbaycan \u2b50 Y\u00fckl\u0259m\u0259 v\u0259 Qura\u015fd\u0131rma\" \/>\n<meta property=\"og:description\" content=\"R\u0259smi 22Bet Apk y\u00fckl\u0259yin \u00b7 22Bet Mobile APK \u00b7 \u0130dman m\u0259rcl\u0259ri v\u0259 kazino oyunlar\u0131 telefonunuzda \u00b7 Mobil oyun\u00e7ular \u00fc\u00e7\u00fcn heyr\u0259tamiz promosyonlar\u0131n kilidini a\u00e7\u0131n\" \/>\n<meta property=\"og:url\" content=\"https:\/\/22bet.cafe\/az\/apk\/\" \/>\n<meta property=\"og:site_name\" content=\"22bet Team az\" \/>\n<meta property=\"article:modified_time\" content=\"2025-01-20T12:35:39+00:00\" \/>\n<meta name=\"twitter:card\" content=\"summary_large_image\" \/>\n<script type=\"application\/ld+json\" class=\"yoast-schema-graph\">{\"@context\":\"https:\/\/schema.org\",\"@graph\":[{\"@type\":\"WebPage\",\"@id\":\"https:\/\/22bet.cafe\/az\/apk\/\",\"url\":\"https:\/\/22bet.cafe\/az\/apk\/\",\"name\":\"22Bet Apk Az\u0259rbaycan \u2b50 Y\u00fckl\u0259m\u0259 v\u0259 Qura\u015fd\u0131rma\",\"isPartOf\":{\"@id\":\"https:\/\/22bet.cafe\/az\/#website\"},\"datePublished\":\"2024-09-17T06:20:18+00:00\",\"dateModified\":\"2025-01-20T12:35:39+00:00\",\"description\":\"R\u0259smi 22Bet Apk y\u00fckl\u0259yin \u00b7 22Bet Mobile APK \u00b7 \u0130dman m\u0259rcl\u0259ri v\u0259 kazino oyunlar\u0131 telefonunuzda \u00b7 Mobil oyun\u00e7ular \u00fc\u00e7\u00fcn heyr\u0259tamiz promosyonlar\u0131n kilidini a\u00e7\u0131n\",\"breadcrumb\":{\"@id\":\"https:\/\/22bet.cafe\/az\/apk\/#breadcrumb\"},\"inLanguage\":\"az\",\"potentialAction\":[{\"@type\":\"ReadAction\",\"target\":[\"https:\/\/22bet.cafe\/az\/apk\/\"]}]},{\"@type\":\"BreadcrumbList\",\"@id\":\"https:\/\/22bet.cafe\/az\/apk\/#breadcrumb\",\"itemListElement\":[{\"@type\":\"ListItem\",\"position\":1,\"name\":\"\u0413\u043b\u0430\u0432\u043d\u0430\u044f \u0441\u0442\u0440\u0430\u043d\u0438\u0446\u0430\",\"item\":\"https:\/\/22bet.cafe\/az\/\"},{\"@type\":\"ListItem\",\"position\":2,\"name\":\"Apk\"}]},{\"@type\":\"WebSite\",\"@id\":\"https:\/\/22bet.cafe\/az\/#website\",\"url\":\"https:\/\/22bet.cafe\/az\/\",\"name\":\"22bet Team az\",\"description\":\"My WordPress Blog\",\"potentialAction\":[{\"@type\":\"SearchAction\",\"target\":{\"@type\":\"EntryPoint\",\"urlTemplate\":\"https:\/\/22bet.cafe\/az\/?s={search_term_string}\"},\"query-input\":{\"@type\":\"PropertyValueSpecification\",\"valueRequired\":true,\"valueName\":\"search_term_string\"}}],\"inLanguage\":\"az\"}]}<\/script>\n<!-- \/ Yoast SEO plugin. -->","yoast_head_json":{"title":"22Bet Apk Az\u0259rbaycan \u2b50 Y\u00fckl\u0259m\u0259 v\u0259 Qura\u015fd\u0131rma","description":"R\u0259smi 22Bet Apk y\u00fckl\u0259yin \u00b7 22Bet Mobile APK \u00b7 \u0130dman m\u0259rcl\u0259ri v\u0259 kazino oyunlar\u0131 telefonunuzda \u00b7 Mobil oyun\u00e7ular \u00fc\u00e7\u00fcn heyr\u0259tamiz promosyonlar\u0131n kilidini a\u00e7\u0131n","robots":{"index":"index","follow":"follow","max-snippet":"max-snippet:-1","max-image-preview":"max-image-preview:large","max-video-preview":"max-video-preview:-1"},"og_locale":"az_AZ","og_type":"article","og_title":"22Bet Apk Az\u0259rbaycan \u2b50 Y\u00fckl\u0259m\u0259 v\u0259 Qura\u015fd\u0131rma","og_description":"R\u0259smi 22Bet Apk y\u00fckl\u0259yin \u00b7 22Bet Mobile APK \u00b7 \u0130dman m\u0259rcl\u0259ri v\u0259 kazino oyunlar\u0131 telefonunuzda \u00b7 Mobil oyun\u00e7ular \u00fc\u00e7\u00fcn heyr\u0259tamiz promosyonlar\u0131n kilidini a\u00e7\u0131n","og_url":"https:\/\/22bet.cafe\/az\/apk\/","og_site_name":"22bet Team az","article_modified_time":"2025-01-20T12:35:39+00:00","twitter_card":"summary_large_image","schema":{"@context":"https:\/\/schema.org","@graph":[{"@type":"WebPage","@id":"https:\/\/22bet.cafe\/az\/apk\/","url":"https:\/\/22bet.cafe\/az\/apk\/","name":"22Bet Apk Az\u0259rbaycan \u2b50 Y\u00fckl\u0259m\u0259 v\u0259 Qura\u015fd\u0131rma","isPartOf":{"@id":"https:\/\/22bet.cafe\/az\/#website"},"datePublished":"2024-09-17T06:20:18+00:00","dateModified":"2025-01-20T12:35:39+00:00","description":"R\u0259smi 22Bet Apk y\u00fckl\u0259yin \u00b7 22Bet Mobile APK \u00b7 \u0130dman m\u0259rcl\u0259ri v\u0259 kazino oyunlar\u0131 telefonunuzda \u00b7 Mobil oyun\u00e7ular \u00fc\u00e7\u00fcn heyr\u0259tamiz promosyonlar\u0131n kilidini a\u00e7\u0131n","breadcrumb":{"@id":"https:\/\/22bet.cafe\/az\/apk\/#breadcrumb"},"inLanguage":"az","potentialAction":[{"@type":"ReadAction","target":["https:\/\/22bet.cafe\/az\/apk\/"]}]},{"@type":"BreadcrumbList","@id":"https:\/\/22bet.cafe\/az\/apk\/#breadcrumb","itemListElement":[{"@type":"ListItem","position":1,"name":"\u0413\u043b\u0430\u0432\u043d\u0430\u044f \u0441\u0442\u0440\u0430\u043d\u0438\u0446\u0430","item":"https:\/\/22bet.cafe\/az\/"},{"@type":"ListItem","position":2,"name":"Apk"}]},{"@type":"WebSite","@id":"https:\/\/22bet.cafe\/az\/#website","url":"https:\/\/22bet.cafe\/az\/","name":"22bet Team az","description":"My WordPress Blog","potentialAction":[{"@type":"SearchAction","target":{"@type":"EntryPoint","urlTemplate":"https:\/\/22bet.cafe\/az\/?s={search_term_string}"},"query-input":{"@type":"PropertyValueSpecification","valueRequired":true,"valueName":"search_term_string"}}],"inLanguage":"az"}]}},"_links":{"self":[{"href":"https:\/\/22bet.cafe\/az\/wp-json\/wp\/v2\/pages\/529","targetHints":{"allow":["GET"]}}],"collection":[{"href":"https:\/\/22bet.cafe\/az\/wp-json\/wp\/v2\/pages"}],"about":[{"href":"https:\/\/22bet.cafe\/az\/wp-json\/wp\/v2\/types\/page"}],"author":[{"embeddable":true,"href":"https:\/\/22bet.cafe\/az\/wp-json\/wp\/v2\/users\/1"}],"replies":[{"embeddable":true,"href":"https:\/\/22bet.cafe\/az\/wp-json\/wp\/v2\/comments?post=529"}],"version-history":[{"count":0,"href":"https:\/\/22bet.cafe\/az\/wp-json\/wp\/v2\/pages\/529\/revisions"}],"wp:attachment":[{"href":"https:\/\/22bet.cafe\/az\/wp-json\/wp\/v2\/media?parent=529"}],"curies":[{"name":"wp","href":"https:\/\/api.w.org\/{rel}","templated":true}]}}