{"id":522,"date":"2024-09-17T06:08:30","date_gmt":"2024-09-17T06:08:30","guid":{"rendered":"https:\/\/22bet.cafe\/az\/?page_id=522"},"modified":"2025-01-20T17:09:47","modified_gmt":"2025-01-20T17:09:47","slug":"casino","status":"publish","type":"page","link":"https:\/\/22bet.cafe\/az\/casino\/","title":{"rendered":"Casino"},"content":{"rendered":"","protected":false},"excerpt":{"rendered":"","protected":false},"author":1,"featured_media":0,"parent":0,"menu_order":0,"comment_status":"closed","ping_status":"closed","template":"","meta":{"_acf_changed":false,"inline_featured_image":false,"footnotes":""},"class_list":["post-522","page","type-page","status-publish","hentry"],"acf":[],"yoast_head":"<!-- This site is optimized with the Yoast SEO plugin v26.0 - https:\/\/yoast.com\/wordpress\/plugins\/seo\/ -->\n<title>22Bet Casino Az\u0259rbaycan 2025 | 22Bet Oyunlar\u0131n\u0131 Oynay\u0131n<\/title>\n<meta name=\"description\" content=\"22Bet Casino \u00e7oxlu sayda kazino oyunlar\u0131 v\u0259 c\u0259lbedici promosyonlar t\u0259klif edir. 22Bet-d\u0259 bonus x\u00fcsusiyy\u0259tl\u0259ri il\u0259 canl\u0131 diler oyunlar\u0131 v\u0259 slot ma\u015f\u0131nlar\u0131 oynay\u0131n. Qeydiyyatdan ke\u00e7in v\u0259 kazino xo\u015f g\u0259lmisiniz bonusu \u0259ld\u0259 edin!\" \/>\n<meta name=\"robots\" content=\"index, follow, max-snippet:-1, max-image-preview:large, max-video-preview:-1\" \/>\n<meta property=\"og:locale\" content=\"az_AZ\" \/>\n<meta property=\"og:type\" content=\"article\" \/>\n<meta property=\"og:title\" content=\"22Bet Casino Az\u0259rbaycan 2025 | 22Bet Oyunlar\u0131n\u0131 Oynay\u0131n\" \/>\n<meta property=\"og:description\" content=\"22Bet Casino \u00e7oxlu sayda kazino oyunlar\u0131 v\u0259 c\u0259lbedici promosyonlar t\u0259klif edir. 22Bet-d\u0259 bonus x\u00fcsusiyy\u0259tl\u0259ri il\u0259 canl\u0131 diler oyunlar\u0131 v\u0259 slot ma\u015f\u0131nlar\u0131 oynay\u0131n. Qeydiyyatdan ke\u00e7in v\u0259 kazino xo\u015f g\u0259lmisiniz bonusu \u0259ld\u0259 edin!\" \/>\n<meta property=\"og:url\" content=\"https:\/\/22bet.cafe\/az\/casino\/\" \/>\n<meta property=\"og:site_name\" content=\"22bet Team az\" \/>\n<meta property=\"article:modified_time\" content=\"2025-01-20T17:09:47+00:00\" \/>\n<meta name=\"twitter:card\" content=\"summary_large_image\" \/>\n<script type=\"application\/ld+json\" class=\"yoast-schema-graph\">{\"@context\":\"https:\/\/schema.org\",\"@graph\":[{\"@type\":\"WebPage\",\"@id\":\"https:\/\/22bet.cafe\/az\/casino\/\",\"url\":\"https:\/\/22bet.cafe\/az\/casino\/\",\"name\":\"22Bet Casino Az\u0259rbaycan 2025 | 22Bet Oyunlar\u0131n\u0131 Oynay\u0131n\",\"isPartOf\":{\"@id\":\"https:\/\/22bet.cafe\/az\/#website\"},\"datePublished\":\"2024-09-17T06:08:30+00:00\",\"dateModified\":\"2025-01-20T17:09:47+00:00\",\"description\":\"22Bet Casino \u00e7oxlu sayda kazino oyunlar\u0131 v\u0259 c\u0259lbedici promosyonlar t\u0259klif edir. 22Bet-d\u0259 bonus x\u00fcsusiyy\u0259tl\u0259ri il\u0259 canl\u0131 diler oyunlar\u0131 v\u0259 slot ma\u015f\u0131nlar\u0131 oynay\u0131n. Qeydiyyatdan ke\u00e7in v\u0259 kazino xo\u015f g\u0259lmisiniz bonusu \u0259ld\u0259 edin!\",\"breadcrumb\":{\"@id\":\"https:\/\/22bet.cafe\/az\/casino\/#breadcrumb\"},\"inLanguage\":\"az\",\"potentialAction\":[{\"@type\":\"ReadAction\",\"target\":[\"https:\/\/22bet.cafe\/az\/casino\/\"]}]},{\"@type\":\"BreadcrumbList\",\"@id\":\"https:\/\/22bet.cafe\/az\/casino\/#breadcrumb\",\"itemListElement\":[{\"@type\":\"ListItem\",\"position\":1,\"name\":\"\u0413\u043b\u0430\u0432\u043d\u0430\u044f \u0441\u0442\u0440\u0430\u043d\u0438\u0446\u0430\",\"item\":\"https:\/\/22bet.cafe\/az\/\"},{\"@type\":\"ListItem\",\"position\":2,\"name\":\"Casino\"}]},{\"@type\":\"WebSite\",\"@id\":\"https:\/\/22bet.cafe\/az\/#website\",\"url\":\"https:\/\/22bet.cafe\/az\/\",\"name\":\"22bet Team az\",\"description\":\"My WordPress Blog\",\"potentialAction\":[{\"@type\":\"SearchAction\",\"target\":{\"@type\":\"EntryPoint\",\"urlTemplate\":\"https:\/\/22bet.cafe\/az\/?s={search_term_string}\"},\"query-input\":{\"@type\":\"PropertyValueSpecification\",\"valueRequired\":true,\"valueName\":\"search_term_string\"}}],\"inLanguage\":\"az\"}]}<\/script>\n<!-- \/ Yoast SEO plugin. -->","yoast_head_json":{"title":"22Bet Casino Az\u0259rbaycan 2025 | 22Bet Oyunlar\u0131n\u0131 Oynay\u0131n","description":"22Bet Casino \u00e7oxlu sayda kazino oyunlar\u0131 v\u0259 c\u0259lbedici promosyonlar t\u0259klif edir. 22Bet-d\u0259 bonus x\u00fcsusiyy\u0259tl\u0259ri il\u0259 canl\u0131 diler oyunlar\u0131 v\u0259 slot ma\u015f\u0131nlar\u0131 oynay\u0131n. Qeydiyyatdan ke\u00e7in v\u0259 kazino xo\u015f g\u0259lmisiniz bonusu \u0259ld\u0259 edin!","robots":{"index":"index","follow":"follow","max-snippet":"max-snippet:-1","max-image-preview":"max-image-preview:large","max-video-preview":"max-video-preview:-1"},"og_locale":"az_AZ","og_type":"article","og_title":"22Bet Casino Az\u0259rbaycan 2025 | 22Bet Oyunlar\u0131n\u0131 Oynay\u0131n","og_description":"22Bet Casino \u00e7oxlu sayda kazino oyunlar\u0131 v\u0259 c\u0259lbedici promosyonlar t\u0259klif edir. 22Bet-d\u0259 bonus x\u00fcsusiyy\u0259tl\u0259ri il\u0259 canl\u0131 diler oyunlar\u0131 v\u0259 slot ma\u015f\u0131nlar\u0131 oynay\u0131n. Qeydiyyatdan ke\u00e7in v\u0259 kazino xo\u015f g\u0259lmisiniz bonusu \u0259ld\u0259 edin!","og_url":"https:\/\/22bet.cafe\/az\/casino\/","og_site_name":"22bet Team az","article_modified_time":"2025-01-20T17:09:47+00:00","twitter_card":"summary_large_image","schema":{"@context":"https:\/\/schema.org","@graph":[{"@type":"WebPage","@id":"https:\/\/22bet.cafe\/az\/casino\/","url":"https:\/\/22bet.cafe\/az\/casino\/","name":"22Bet Casino Az\u0259rbaycan 2025 | 22Bet Oyunlar\u0131n\u0131 Oynay\u0131n","isPartOf":{"@id":"https:\/\/22bet.cafe\/az\/#website"},"datePublished":"2024-09-17T06:08:30+00:00","dateModified":"2025-01-20T17:09:47+00:00","description":"22Bet Casino \u00e7oxlu sayda kazino oyunlar\u0131 v\u0259 c\u0259lbedici promosyonlar t\u0259klif edir. 22Bet-d\u0259 bonus x\u00fcsusiyy\u0259tl\u0259ri il\u0259 canl\u0131 diler oyunlar\u0131 v\u0259 slot ma\u015f\u0131nlar\u0131 oynay\u0131n. Qeydiyyatdan ke\u00e7in v\u0259 kazino xo\u015f g\u0259lmisiniz bonusu \u0259ld\u0259 edin!","breadcrumb":{"@id":"https:\/\/22bet.cafe\/az\/casino\/#breadcrumb"},"inLanguage":"az","potentialAction":[{"@type":"ReadAction","target":["https:\/\/22bet.cafe\/az\/casino\/"]}]},{"@type":"BreadcrumbList","@id":"https:\/\/22bet.cafe\/az\/casino\/#breadcrumb","itemListElement":[{"@type":"ListItem","position":1,"name":"\u0413\u043b\u0430\u0432\u043d\u0430\u044f \u0441\u0442\u0440\u0430\u043d\u0438\u0446\u0430","item":"https:\/\/22bet.cafe\/az\/"},{"@type":"ListItem","position":2,"name":"Casino"}]},{"@type":"WebSite","@id":"https:\/\/22bet.cafe\/az\/#website","url":"https:\/\/22bet.cafe\/az\/","name":"22bet Team az","description":"My WordPress Blog","potentialAction":[{"@type":"SearchAction","target":{"@type":"EntryPoint","urlTemplate":"https:\/\/22bet.cafe\/az\/?s={search_term_string}"},"query-input":{"@type":"PropertyValueSpecification","valueRequired":true,"valueName":"search_term_string"}}],"inLanguage":"az"}]}},"_links":{"self":[{"href":"https:\/\/22bet.cafe\/az\/wp-json\/wp\/v2\/pages\/522","targetHints":{"allow":["GET"]}}],"collection":[{"href":"https:\/\/22bet.cafe\/az\/wp-json\/wp\/v2\/pages"}],"about":[{"href":"https:\/\/22bet.cafe\/az\/wp-json\/wp\/v2\/types\/page"}],"author":[{"embeddable":true,"href":"https:\/\/22bet.cafe\/az\/wp-json\/wp\/v2\/users\/1"}],"replies":[{"embeddable":true,"href":"https:\/\/22bet.cafe\/az\/wp-json\/wp\/v2\/comments?post=522"}],"version-history":[{"count":0,"href":"https:\/\/22bet.cafe\/az\/wp-json\/wp\/v2\/pages\/522\/revisions"}],"wp:attachment":[{"href":"https:\/\/22bet.cafe\/az\/wp-json\/wp\/v2\/media?parent=522"}],"curies":[{"name":"wp","href":"https:\/\/api.w.org\/{rel}","templated":true}]}}