{"id":753,"date":"2025-03-21T07:46:08","date_gmt":"2025-03-21T07:46:08","guid":{"rendered":"https:\/\/22bet.cafe\/ad\/?page_id=753"},"modified":"2025-10-26T10:10:13","modified_gmt":"2025-10-26T10:10:13","slug":"wednesday-cash-splash","status":"publish","type":"page","link":"https:\/\/22bet.cafe\/ad\/bonus\/wednesday-cash-splash\/","title":{"rendered":"Dimecres Cash Splash"},"content":{"rendered":"","protected":false},"excerpt":{"rendered":"","protected":false},"author":1,"featured_media":0,"parent":152,"menu_order":0,"comment_status":"closed","ping_status":"closed","template":"","meta":{"_acf_changed":false,"inline_featured_image":false,"footnotes":""},"class_list":["post-753","page","type-page","status-publish","hentry"],"acf":[],"yoast_head":"<!-- This site is optimized with the Yoast SEO plugin v26.0 - https:\/\/yoast.com\/wordpress\/plugins\/seo\/ -->\n<title>22Bet Dimecres esquitxades de diners: Bonificaci\u00f3 del 50%<\/title>\n<meta name=\"description\" content=\"Enc\u00e9n l&#039;emoci\u00f3 amb Wednesday Cash Splash! Aconsegueix un bonus del 50% fins a 190 EUR a les teves m\u00e0quines escurabutxaques preferides del casino. No perdis l&#039;oportunitat de maximitzar els teus guanys i millorar el teu joc: actua ara i reclama el teu bonus!\" \/>\n<meta name=\"robots\" content=\"index, follow, max-snippet:-1, max-image-preview:large, max-video-preview:-1\" \/>\n<meta property=\"og:locale\" content=\"en_US\" \/>\n<meta property=\"og:type\" content=\"article\" \/>\n<meta property=\"og:title\" content=\"22Bet Dimecres esquitxades de diners: Bonificaci\u00f3 del 50%\" \/>\n<meta property=\"og:description\" content=\"Enc\u00e9n l&#039;emoci\u00f3 amb Wednesday Cash Splash! Aconsegueix un bonus del 50% fins a 190 EUR a les teves m\u00e0quines escurabutxaques preferides del casino. No perdis l&#039;oportunitat de maximitzar els teus guanys i millorar el teu joc: actua ara i reclama el teu bonus!\" \/>\n<meta property=\"og:url\" content=\"https:\/\/22bet.cafe\/ad\/bonus\/wednesday-cash-splash\/\" \/>\n<meta property=\"og:site_name\" content=\"22bet Team ad\" \/>\n<meta property=\"article:modified_time\" content=\"2025-10-26T10:10:13+00:00\" \/>\n<meta name=\"twitter:card\" content=\"summary_large_image\" \/>\n<script type=\"application\/ld+json\" class=\"yoast-schema-graph\">{\"@context\":\"https:\/\/schema.org\",\"@graph\":[{\"@type\":\"WebPage\",\"@id\":\"https:\/\/22bet.cafe\/ad\/bonus\/wednesday-cash-splash\/\",\"url\":\"https:\/\/22bet.cafe\/ad\/bonus\/wednesday-cash-splash\/\",\"name\":\"22Bet Dimecres esquitxades de diners: Bonificaci\u00f3 del 50%\",\"isPartOf\":{\"@id\":\"https:\/\/22bet.cafe\/ad\/#website\"},\"datePublished\":\"2025-03-21T07:46:08+00:00\",\"dateModified\":\"2025-10-26T10:10:13+00:00\",\"description\":\"Enc\u00e9n l'emoci\u00f3 amb Wednesday Cash Splash! Aconsegueix un bonus del 50% fins a 190 EUR a les teves m\u00e0quines escurabutxaques preferides del casino. No perdis l'oportunitat de maximitzar els teus guanys i millorar el teu joc: actua ara i reclama el teu bonus!\",\"breadcrumb\":{\"@id\":\"https:\/\/22bet.cafe\/ad\/bonus\/wednesday-cash-splash\/#breadcrumb\"},\"inLanguage\":\"ca-AD\",\"potentialAction\":[{\"@type\":\"ReadAction\",\"target\":[\"https:\/\/22bet.cafe\/ad\/bonus\/wednesday-cash-splash\/\"]}]},{\"@type\":\"BreadcrumbList\",\"@id\":\"https:\/\/22bet.cafe\/ad\/bonus\/wednesday-cash-splash\/#breadcrumb\",\"itemListElement\":[{\"@type\":\"ListItem\",\"position\":1,\"name\":\"\u0413\u043b\u0430\u0432\u043d\u0430\u044f \u0441\u0442\u0440\u0430\u043d\u0438\u0446\u0430\",\"item\":\"https:\/\/22bet.cafe\/ad\/\"},{\"@type\":\"ListItem\",\"position\":2,\"name\":\"Bonificaci\u00f3\",\"item\":\"https:\/\/22bet.cafe\/ad\/bonus\/\"},{\"@type\":\"ListItem\",\"position\":3,\"name\":\"Dimecres Cash Splash\"}]},{\"@type\":\"WebSite\",\"@id\":\"https:\/\/22bet.cafe\/ad\/#website\",\"url\":\"https:\/\/22bet.cafe\/ad\/\",\"name\":\"22bet Team ad\",\"description\":\"\",\"potentialAction\":[{\"@type\":\"SearchAction\",\"target\":{\"@type\":\"EntryPoint\",\"urlTemplate\":\"https:\/\/22bet.cafe\/ad\/?s={search_term_string}\"},\"query-input\":{\"@type\":\"PropertyValueSpecification\",\"valueRequired\":true,\"valueName\":\"search_term_string\"}}],\"inLanguage\":\"ca-AD\"}]}<\/script>\n<!-- \/ Yoast SEO plugin. -->","yoast_head_json":{"title":"22Bet Dimecres esquitxades de diners: Bonificaci\u00f3 del 50%","description":"Enc\u00e9n l'emoci\u00f3 amb Wednesday Cash Splash! Aconsegueix un bonus del 50% fins a 190 EUR a les teves m\u00e0quines escurabutxaques preferides del casino. No perdis l'oportunitat de maximitzar els teus guanys i millorar el teu joc: actua ara i reclama el teu bonus!","robots":{"index":"index","follow":"follow","max-snippet":"max-snippet:-1","max-image-preview":"max-image-preview:large","max-video-preview":"max-video-preview:-1"},"og_locale":"en_US","og_type":"article","og_title":"22Bet Dimecres esquitxades de diners: Bonificaci\u00f3 del 50%","og_description":"Enc\u00e9n l'emoci\u00f3 amb Wednesday Cash Splash! Aconsegueix un bonus del 50% fins a 190 EUR a les teves m\u00e0quines escurabutxaques preferides del casino. No perdis l'oportunitat de maximitzar els teus guanys i millorar el teu joc: actua ara i reclama el teu bonus!","og_url":"https:\/\/22bet.cafe\/ad\/bonus\/wednesday-cash-splash\/","og_site_name":"22bet Team ad","article_modified_time":"2025-10-26T10:10:13+00:00","twitter_card":"summary_large_image","schema":{"@context":"https:\/\/schema.org","@graph":[{"@type":"WebPage","@id":"https:\/\/22bet.cafe\/ad\/bonus\/wednesday-cash-splash\/","url":"https:\/\/22bet.cafe\/ad\/bonus\/wednesday-cash-splash\/","name":"22Bet Dimecres esquitxades de diners: Bonificaci\u00f3 del 50%","isPartOf":{"@id":"https:\/\/22bet.cafe\/ad\/#website"},"datePublished":"2025-03-21T07:46:08+00:00","dateModified":"2025-10-26T10:10:13+00:00","description":"Enc\u00e9n l'emoci\u00f3 amb Wednesday Cash Splash! Aconsegueix un bonus del 50% fins a 190 EUR a les teves m\u00e0quines escurabutxaques preferides del casino. No perdis l'oportunitat de maximitzar els teus guanys i millorar el teu joc: actua ara i reclama el teu bonus!","breadcrumb":{"@id":"https:\/\/22bet.cafe\/ad\/bonus\/wednesday-cash-splash\/#breadcrumb"},"inLanguage":"ca-AD","potentialAction":[{"@type":"ReadAction","target":["https:\/\/22bet.cafe\/ad\/bonus\/wednesday-cash-splash\/"]}]},{"@type":"BreadcrumbList","@id":"https:\/\/22bet.cafe\/ad\/bonus\/wednesday-cash-splash\/#breadcrumb","itemListElement":[{"@type":"ListItem","position":1,"name":"\u0413\u043b\u0430\u0432\u043d\u0430\u044f \u0441\u0442\u0440\u0430\u043d\u0438\u0446\u0430","item":"https:\/\/22bet.cafe\/ad\/"},{"@type":"ListItem","position":2,"name":"Bonificaci\u00f3","item":"https:\/\/22bet.cafe\/ad\/bonus\/"},{"@type":"ListItem","position":3,"name":"Dimecres Cash Splash"}]},{"@type":"WebSite","@id":"https:\/\/22bet.cafe\/ad\/#website","url":"https:\/\/22bet.cafe\/ad\/","name":"22bet Team ad","description":"","potentialAction":[{"@type":"SearchAction","target":{"@type":"EntryPoint","urlTemplate":"https:\/\/22bet.cafe\/ad\/?s={search_term_string}"},"query-input":{"@type":"PropertyValueSpecification","valueRequired":true,"valueName":"search_term_string"}}],"inLanguage":"ca-AD"}]}},"_links":{"self":[{"href":"https:\/\/22bet.cafe\/ad\/wp-json\/wp\/v2\/pages\/753","targetHints":{"allow":["GET"]}}],"collection":[{"href":"https:\/\/22bet.cafe\/ad\/wp-json\/wp\/v2\/pages"}],"about":[{"href":"https:\/\/22bet.cafe\/ad\/wp-json\/wp\/v2\/types\/page"}],"author":[{"embeddable":true,"href":"https:\/\/22bet.cafe\/ad\/wp-json\/wp\/v2\/users\/1"}],"replies":[{"embeddable":true,"href":"https:\/\/22bet.cafe\/ad\/wp-json\/wp\/v2\/comments?post=753"}],"version-history":[{"count":4,"href":"https:\/\/22bet.cafe\/ad\/wp-json\/wp\/v2\/pages\/753\/revisions"}],"predecessor-version":[{"id":1094,"href":"https:\/\/22bet.cafe\/ad\/wp-json\/wp\/v2\/pages\/753\/revisions\/1094"}],"up":[{"embeddable":true,"href":"https:\/\/22bet.cafe\/ad\/wp-json\/wp\/v2\/pages\/152"}],"wp:attachment":[{"href":"https:\/\/22bet.cafe\/ad\/wp-json\/wp\/v2\/media?parent=753"}],"curies":[{"name":"wp","href":"https:\/\/api.w.org\/{rel}","templated":true}]}}