{"id":733,"date":"2025-03-21T06:00:43","date_gmt":"2025-03-21T06:00:43","guid":{"rendered":"https:\/\/22bet.cafe\/ad\/?page_id=733"},"modified":"2025-10-26T10:08:20","modified_gmt":"2025-10-26T10:08:20","slug":"welcome-bonus","status":"publish","type":"page","link":"https:\/\/22bet.cafe\/ad\/bonus\/welcome-bonus\/","title":{"rendered":"Bonificaci\u00f3 de benvinguda"},"content":{"rendered":"","protected":false},"excerpt":{"rendered":"","protected":false},"author":1,"featured_media":0,"parent":152,"menu_order":0,"comment_status":"closed","ping_status":"closed","template":"","meta":{"_acf_changed":false,"inline_featured_image":false,"footnotes":""},"class_list":["post-733","page","type-page","status-publish","hentry"],"acf":[],"yoast_head":"<!-- This site is optimized with the Yoast SEO plugin v26.0 - https:\/\/yoast.com\/wordpress\/plugins\/seo\/ -->\n<title>22bet Bonus de benvinguda de fins a 260 EUR en el primer dip\u00f2sit<\/title>\n<meta name=\"description\" content=\"Aconsegueix un gener\u00f3s bonus de benvinguda de fins a 260 EUR en el teu primer dip\u00f2sit al casino 22bet! Uneix-te al joc i desbloqueja un m\u00f3n d&#039;oportunitats de joc emocionants! No perdi l&#039;oportunitat d&#039;augmentar el teu saldo: actua ara!\" \/>\n<meta name=\"robots\" content=\"index, follow, max-snippet:-1, max-image-preview:large, max-video-preview:-1\" \/>\n<meta property=\"og:locale\" content=\"en_US\" \/>\n<meta property=\"og:type\" content=\"article\" \/>\n<meta property=\"og:title\" content=\"22bet Bonus de benvinguda de fins a 260 EUR en el primer dip\u00f2sit\" \/>\n<meta property=\"og:description\" content=\"Aconsegueix un gener\u00f3s bonus de benvinguda de fins a 260 EUR en el teu primer dip\u00f2sit al casino 22bet! Uneix-te al joc i desbloqueja un m\u00f3n d&#039;oportunitats de joc emocionants! No perdi l&#039;oportunitat d&#039;augmentar el teu saldo: actua ara!\" \/>\n<meta property=\"og:url\" content=\"https:\/\/22bet.cafe\/ad\/bonus\/welcome-bonus\/\" \/>\n<meta property=\"og:site_name\" content=\"22bet Team ad\" \/>\n<meta property=\"article:modified_time\" content=\"2025-10-26T10:08:20+00:00\" \/>\n<meta name=\"twitter:card\" content=\"summary_large_image\" \/>\n<script type=\"application\/ld+json\" class=\"yoast-schema-graph\">{\"@context\":\"https:\/\/schema.org\",\"@graph\":[{\"@type\":\"WebPage\",\"@id\":\"https:\/\/22bet.cafe\/ad\/bonus\/welcome-bonus\/\",\"url\":\"https:\/\/22bet.cafe\/ad\/bonus\/welcome-bonus\/\",\"name\":\"22bet Bonus de benvinguda de fins a 260 EUR en el primer dip\u00f2sit\",\"isPartOf\":{\"@id\":\"https:\/\/22bet.cafe\/ad\/#website\"},\"datePublished\":\"2025-03-21T06:00:43+00:00\",\"dateModified\":\"2025-10-26T10:08:20+00:00\",\"description\":\"Aconsegueix un gener\u00f3s bonus de benvinguda de fins a 260 EUR en el teu primer dip\u00f2sit al casino 22bet! Uneix-te al joc i desbloqueja un m\u00f3n d'oportunitats de joc emocionants! No perdi l'oportunitat d'augmentar el teu saldo: actua ara!\",\"breadcrumb\":{\"@id\":\"https:\/\/22bet.cafe\/ad\/bonus\/welcome-bonus\/#breadcrumb\"},\"inLanguage\":\"ca-AD\",\"potentialAction\":[{\"@type\":\"ReadAction\",\"target\":[\"https:\/\/22bet.cafe\/ad\/bonus\/welcome-bonus\/\"]}]},{\"@type\":\"BreadcrumbList\",\"@id\":\"https:\/\/22bet.cafe\/ad\/bonus\/welcome-bonus\/#breadcrumb\",\"itemListElement\":[{\"@type\":\"ListItem\",\"position\":1,\"name\":\"\u0413\u043b\u0430\u0432\u043d\u0430\u044f \u0441\u0442\u0440\u0430\u043d\u0438\u0446\u0430\",\"item\":\"https:\/\/22bet.cafe\/ad\/\"},{\"@type\":\"ListItem\",\"position\":2,\"name\":\"Bonificaci\u00f3\",\"item\":\"https:\/\/22bet.cafe\/ad\/bonus\/\"},{\"@type\":\"ListItem\",\"position\":3,\"name\":\"Bonificaci\u00f3 de benvinguda\"}]},{\"@type\":\"WebSite\",\"@id\":\"https:\/\/22bet.cafe\/ad\/#website\",\"url\":\"https:\/\/22bet.cafe\/ad\/\",\"name\":\"22bet Team ad\",\"description\":\"\",\"potentialAction\":[{\"@type\":\"SearchAction\",\"target\":{\"@type\":\"EntryPoint\",\"urlTemplate\":\"https:\/\/22bet.cafe\/ad\/?s={search_term_string}\"},\"query-input\":{\"@type\":\"PropertyValueSpecification\",\"valueRequired\":true,\"valueName\":\"search_term_string\"}}],\"inLanguage\":\"ca-AD\"}]}<\/script>\n<!-- \/ Yoast SEO plugin. -->","yoast_head_json":{"title":"22bet Bonus de benvinguda de fins a 260 EUR en el primer dip\u00f2sit","description":"Aconsegueix un gener\u00f3s bonus de benvinguda de fins a 260 EUR en el teu primer dip\u00f2sit al casino 22bet! Uneix-te al joc i desbloqueja un m\u00f3n d'oportunitats de joc emocionants! No perdi l'oportunitat d'augmentar el teu saldo: actua ara!","robots":{"index":"index","follow":"follow","max-snippet":"max-snippet:-1","max-image-preview":"max-image-preview:large","max-video-preview":"max-video-preview:-1"},"og_locale":"en_US","og_type":"article","og_title":"22bet Bonus de benvinguda de fins a 260 EUR en el primer dip\u00f2sit","og_description":"Aconsegueix un gener\u00f3s bonus de benvinguda de fins a 260 EUR en el teu primer dip\u00f2sit al casino 22bet! Uneix-te al joc i desbloqueja un m\u00f3n d'oportunitats de joc emocionants! No perdi l'oportunitat d'augmentar el teu saldo: actua ara!","og_url":"https:\/\/22bet.cafe\/ad\/bonus\/welcome-bonus\/","og_site_name":"22bet Team ad","article_modified_time":"2025-10-26T10:08:20+00:00","twitter_card":"summary_large_image","schema":{"@context":"https:\/\/schema.org","@graph":[{"@type":"WebPage","@id":"https:\/\/22bet.cafe\/ad\/bonus\/welcome-bonus\/","url":"https:\/\/22bet.cafe\/ad\/bonus\/welcome-bonus\/","name":"22bet Bonus de benvinguda de fins a 260 EUR en el primer dip\u00f2sit","isPartOf":{"@id":"https:\/\/22bet.cafe\/ad\/#website"},"datePublished":"2025-03-21T06:00:43+00:00","dateModified":"2025-10-26T10:08:20+00:00","description":"Aconsegueix un gener\u00f3s bonus de benvinguda de fins a 260 EUR en el teu primer dip\u00f2sit al casino 22bet! Uneix-te al joc i desbloqueja un m\u00f3n d'oportunitats de joc emocionants! No perdi l'oportunitat d'augmentar el teu saldo: actua ara!","breadcrumb":{"@id":"https:\/\/22bet.cafe\/ad\/bonus\/welcome-bonus\/#breadcrumb"},"inLanguage":"ca-AD","potentialAction":[{"@type":"ReadAction","target":["https:\/\/22bet.cafe\/ad\/bonus\/welcome-bonus\/"]}]},{"@type":"BreadcrumbList","@id":"https:\/\/22bet.cafe\/ad\/bonus\/welcome-bonus\/#breadcrumb","itemListElement":[{"@type":"ListItem","position":1,"name":"\u0413\u043b\u0430\u0432\u043d\u0430\u044f \u0441\u0442\u0440\u0430\u043d\u0438\u0446\u0430","item":"https:\/\/22bet.cafe\/ad\/"},{"@type":"ListItem","position":2,"name":"Bonificaci\u00f3","item":"https:\/\/22bet.cafe\/ad\/bonus\/"},{"@type":"ListItem","position":3,"name":"Bonificaci\u00f3 de benvinguda"}]},{"@type":"WebSite","@id":"https:\/\/22bet.cafe\/ad\/#website","url":"https:\/\/22bet.cafe\/ad\/","name":"22bet Team ad","description":"","potentialAction":[{"@type":"SearchAction","target":{"@type":"EntryPoint","urlTemplate":"https:\/\/22bet.cafe\/ad\/?s={search_term_string}"},"query-input":{"@type":"PropertyValueSpecification","valueRequired":true,"valueName":"search_term_string"}}],"inLanguage":"ca-AD"}]}},"_links":{"self":[{"href":"https:\/\/22bet.cafe\/ad\/wp-json\/wp\/v2\/pages\/733","targetHints":{"allow":["GET"]}}],"collection":[{"href":"https:\/\/22bet.cafe\/ad\/wp-json\/wp\/v2\/pages"}],"about":[{"href":"https:\/\/22bet.cafe\/ad\/wp-json\/wp\/v2\/types\/page"}],"author":[{"embeddable":true,"href":"https:\/\/22bet.cafe\/ad\/wp-json\/wp\/v2\/users\/1"}],"replies":[{"embeddable":true,"href":"https:\/\/22bet.cafe\/ad\/wp-json\/wp\/v2\/comments?post=733"}],"version-history":[{"count":4,"href":"https:\/\/22bet.cafe\/ad\/wp-json\/wp\/v2\/pages\/733\/revisions"}],"predecessor-version":[{"id":1092,"href":"https:\/\/22bet.cafe\/ad\/wp-json\/wp\/v2\/pages\/733\/revisions\/1092"}],"up":[{"embeddable":true,"href":"https:\/\/22bet.cafe\/ad\/wp-json\/wp\/v2\/pages\/152"}],"wp:attachment":[{"href":"https:\/\/22bet.cafe\/ad\/wp-json\/wp\/v2\/media?parent=733"}],"curies":[{"name":"wp","href":"https:\/\/api.w.org\/{rel}","templated":true}]}}