{"id":294,"date":"2024-03-12T10:44:40","date_gmt":"2024-03-12T10:44:40","guid":{"rendered":"https:\/\/22bet.cafe\/ad\/?page_id=294"},"modified":"2025-10-01T17:06:44","modified_gmt":"2025-10-01T17:06:44","slug":"app","status":"publish","type":"page","link":"https:\/\/22bet.cafe\/ad\/app\/","title":{"rendered":"App"},"content":{"rendered":"","protected":false},"excerpt":{"rendered":"","protected":false},"author":1,"featured_media":0,"parent":0,"menu_order":0,"comment_status":"closed","ping_status":"closed","template":"","meta":{"_acf_changed":false,"inline_featured_image":false,"footnotes":""},"class_list":["post-294","page","type-page","status-publish","hentry"],"acf":[],"yoast_head":"<!-- This site is optimized with the Yoast SEO plugin v26.0 - https:\/\/yoast.com\/wordpress\/plugins\/seo\/ -->\n<title>Aplicaci\u00f3 22Bet | Apostes i Casino per a iOS i Android<\/title>\n<meta name=\"description\" content=\"Descobreix la desc\u00e0rrega de l&#039;aplicaci\u00f3 22Bet Andorra \u2705 Descarrega i instal\u00b7la f\u00e0cilment l&#039;aplicaci\u00f3 m\u00f2bil 22Bet al teu dispositiu Android o iOS amb la nostra senzilla guia pas a pas\" \/>\n<meta name=\"robots\" content=\"index, follow, max-snippet:-1, max-image-preview:large, max-video-preview:-1\" \/>\n<meta property=\"og:locale\" content=\"en_US\" \/>\n<meta property=\"og:type\" content=\"article\" \/>\n<meta property=\"og:title\" content=\"Aplicaci\u00f3 22Bet | Apostes i Casino per a iOS i Android\" \/>\n<meta property=\"og:description\" content=\"Descobreix la desc\u00e0rrega de l&#039;aplicaci\u00f3 22Bet Andorra \u2705 Descarrega i instal\u00b7la f\u00e0cilment l&#039;aplicaci\u00f3 m\u00f2bil 22Bet al teu dispositiu Android o iOS amb la nostra senzilla guia pas a pas\" \/>\n<meta property=\"og:url\" content=\"https:\/\/22bet.cafe\/ad\/app\/\" \/>\n<meta property=\"og:site_name\" content=\"22bet Team ad\" \/>\n<meta property=\"article:modified_time\" content=\"2025-10-01T17:06:44+00:00\" \/>\n<meta name=\"twitter:card\" content=\"summary_large_image\" \/>\n<script type=\"application\/ld+json\" class=\"yoast-schema-graph\">{\"@context\":\"https:\/\/schema.org\",\"@graph\":[{\"@type\":\"WebPage\",\"@id\":\"https:\/\/22bet.cafe\/ad\/app\/\",\"url\":\"https:\/\/22bet.cafe\/ad\/app\/\",\"name\":\"Aplicaci\u00f3 22Bet | Apostes i Casino per a iOS i Android\",\"isPartOf\":{\"@id\":\"https:\/\/22bet.cafe\/ad\/#website\"},\"datePublished\":\"2024-03-12T10:44:40+00:00\",\"dateModified\":\"2025-10-01T17:06:44+00:00\",\"description\":\"Descobreix la desc\u00e0rrega de l'aplicaci\u00f3 22Bet Andorra \u2705 Descarrega i instal\u00b7la f\u00e0cilment l'aplicaci\u00f3 m\u00f2bil 22Bet al teu dispositiu Android o iOS amb la nostra senzilla guia pas a pas\",\"breadcrumb\":{\"@id\":\"https:\/\/22bet.cafe\/ad\/app\/#breadcrumb\"},\"inLanguage\":\"ca-AD\",\"potentialAction\":[{\"@type\":\"ReadAction\",\"target\":[\"https:\/\/22bet.cafe\/ad\/app\/\"]}]},{\"@type\":\"BreadcrumbList\",\"@id\":\"https:\/\/22bet.cafe\/ad\/app\/#breadcrumb\",\"itemListElement\":[{\"@type\":\"ListItem\",\"position\":1,\"name\":\"\u0413\u043b\u0430\u0432\u043d\u0430\u044f \u0441\u0442\u0440\u0430\u043d\u0438\u0446\u0430\",\"item\":\"https:\/\/22bet.cafe\/ad\/\"},{\"@type\":\"ListItem\",\"position\":2,\"name\":\"App\"}]},{\"@type\":\"WebSite\",\"@id\":\"https:\/\/22bet.cafe\/ad\/#website\",\"url\":\"https:\/\/22bet.cafe\/ad\/\",\"name\":\"22bet Team ad\",\"description\":\"\",\"potentialAction\":[{\"@type\":\"SearchAction\",\"target\":{\"@type\":\"EntryPoint\",\"urlTemplate\":\"https:\/\/22bet.cafe\/ad\/?s={search_term_string}\"},\"query-input\":{\"@type\":\"PropertyValueSpecification\",\"valueRequired\":true,\"valueName\":\"search_term_string\"}}],\"inLanguage\":\"ca-AD\"}]}<\/script>\n<!-- \/ Yoast SEO plugin. -->","yoast_head_json":{"title":"Aplicaci\u00f3 22Bet | Apostes i Casino per a iOS i Android","description":"Descobreix la desc\u00e0rrega de l'aplicaci\u00f3 22Bet Andorra \u2705 Descarrega i instal\u00b7la f\u00e0cilment l'aplicaci\u00f3 m\u00f2bil 22Bet al teu dispositiu Android o iOS amb la nostra senzilla guia pas a pas","robots":{"index":"index","follow":"follow","max-snippet":"max-snippet:-1","max-image-preview":"max-image-preview:large","max-video-preview":"max-video-preview:-1"},"og_locale":"en_US","og_type":"article","og_title":"Aplicaci\u00f3 22Bet | Apostes i Casino per a iOS i Android","og_description":"Descobreix la desc\u00e0rrega de l'aplicaci\u00f3 22Bet Andorra \u2705 Descarrega i instal\u00b7la f\u00e0cilment l'aplicaci\u00f3 m\u00f2bil 22Bet al teu dispositiu Android o iOS amb la nostra senzilla guia pas a pas","og_url":"https:\/\/22bet.cafe\/ad\/app\/","og_site_name":"22bet Team ad","article_modified_time":"2025-10-01T17:06:44+00:00","twitter_card":"summary_large_image","schema":{"@context":"https:\/\/schema.org","@graph":[{"@type":"WebPage","@id":"https:\/\/22bet.cafe\/ad\/app\/","url":"https:\/\/22bet.cafe\/ad\/app\/","name":"Aplicaci\u00f3 22Bet | Apostes i Casino per a iOS i Android","isPartOf":{"@id":"https:\/\/22bet.cafe\/ad\/#website"},"datePublished":"2024-03-12T10:44:40+00:00","dateModified":"2025-10-01T17:06:44+00:00","description":"Descobreix la desc\u00e0rrega de l'aplicaci\u00f3 22Bet Andorra \u2705 Descarrega i instal\u00b7la f\u00e0cilment l'aplicaci\u00f3 m\u00f2bil 22Bet al teu dispositiu Android o iOS amb la nostra senzilla guia pas a pas","breadcrumb":{"@id":"https:\/\/22bet.cafe\/ad\/app\/#breadcrumb"},"inLanguage":"ca-AD","potentialAction":[{"@type":"ReadAction","target":["https:\/\/22bet.cafe\/ad\/app\/"]}]},{"@type":"BreadcrumbList","@id":"https:\/\/22bet.cafe\/ad\/app\/#breadcrumb","itemListElement":[{"@type":"ListItem","position":1,"name":"\u0413\u043b\u0430\u0432\u043d\u0430\u044f \u0441\u0442\u0440\u0430\u043d\u0438\u0446\u0430","item":"https:\/\/22bet.cafe\/ad\/"},{"@type":"ListItem","position":2,"name":"App"}]},{"@type":"WebSite","@id":"https:\/\/22bet.cafe\/ad\/#website","url":"https:\/\/22bet.cafe\/ad\/","name":"22bet Team ad","description":"","potentialAction":[{"@type":"SearchAction","target":{"@type":"EntryPoint","urlTemplate":"https:\/\/22bet.cafe\/ad\/?s={search_term_string}"},"query-input":{"@type":"PropertyValueSpecification","valueRequired":true,"valueName":"search_term_string"}}],"inLanguage":"ca-AD"}]}},"_links":{"self":[{"href":"https:\/\/22bet.cafe\/ad\/wp-json\/wp\/v2\/pages\/294","targetHints":{"allow":["GET"]}}],"collection":[{"href":"https:\/\/22bet.cafe\/ad\/wp-json\/wp\/v2\/pages"}],"about":[{"href":"https:\/\/22bet.cafe\/ad\/wp-json\/wp\/v2\/types\/page"}],"author":[{"embeddable":true,"href":"https:\/\/22bet.cafe\/ad\/wp-json\/wp\/v2\/users\/1"}],"replies":[{"embeddable":true,"href":"https:\/\/22bet.cafe\/ad\/wp-json\/wp\/v2\/comments?post=294"}],"version-history":[{"count":1,"href":"https:\/\/22bet.cafe\/ad\/wp-json\/wp\/v2\/pages\/294\/revisions"}],"predecessor-version":[{"id":1055,"href":"https:\/\/22bet.cafe\/ad\/wp-json\/wp\/v2\/pages\/294\/revisions\/1055"}],"wp:attachment":[{"href":"https:\/\/22bet.cafe\/ad\/wp-json\/wp\/v2\/media?parent=294"}],"curies":[{"name":"wp","href":"https:\/\/api.w.org\/{rel}","templated":true}]}}